{"id":2076,"date":"2020-02-25T08:41:33","date_gmt":"2020-02-25T08:41:33","guid":{"rendered":"http:\/\/wpdemo.archiwp.com\/engitech\/?page_id=2076"},"modified":"2020-11-22T16:01:40","modified_gmt":"2020-11-22T15:01:40","slug":"rse","status":"publish","type":"page","link":"https:\/\/defilease.fr\/index.php\/a-propos\/rse\/","title":{"rendered":"Notre RSE"},"content":{"rendered":"\t\t<div data-elementor-type=\"wp-page\" data-elementor-id=\"2076\" class=\"elementor elementor-2076\" data-elementor-settings=\"[]\">\n\t\t\t\t\t\t<div class=\"elementor-inner\">\n\t\t\t\t\t\t\t<div class=\"elementor-section-wrap\">\n\t\t\t\t\t\t\t<section class=\"elementor-section elementor-top-section elementor-element elementor-element-ceb8531 elementor-section-full_width ot-traditional elementor-section-height-default elementor-section-height-default\" data-id=\"ceb8531\" data-element_type=\"section\" data-settings=\"{&quot;background_background&quot;:&quot;classic&quot;}\">\n\t\t\t\t\t\t<div class=\"elementor-container elementor-column-gap-default\">\n\t\t\t\t\t\t\t<div class=\"elementor-row\">\n\t\t\t\t\t<div class=\"elementor-column elementor-col-100 elementor-top-column elementor-element elementor-element-a5ff0a1 ot-flex-column-vertical\" data-id=\"a5ff0a1\" data-element_type=\"column\">\n\t\t\t<div class=\"elementor-column-wrap elementor-element-populated\">\n\t\t\t\t\t\t\t<div class=\"elementor-widget-wrap\">\n\t\t\t\t\t\t<section class=\"elementor-section elementor-inner-section elementor-element elementor-element-aad0458 elementor-section-content-bottom ot-traditional elementor-section-boxed elementor-section-height-default elementor-section-height-default\" data-id=\"aad0458\" data-element_type=\"section\">\n\t\t\t\t\t\t<div class=\"elementor-container elementor-column-gap-extended\">\n\t\t\t\t\t\t\t<div class=\"elementor-row\">\n\t\t\t\t\t<div class=\"elementor-column elementor-col-50 elementor-inner-column elementor-element elementor-element-3dea8e6 ot-flex-column-vertical\" data-id=\"3dea8e6\" data-element_type=\"column\">\n\t\t\t<div class=\"elementor-column-wrap elementor-element-populated\">\n\t\t\t\t\t\t\t<div class=\"elementor-widget-wrap\">\n\t\t\t\t\t\t<div class=\"elementor-element elementor-element-caef4b8 elementor-widget elementor-widget-image\" data-id=\"caef4b8\" data-element_type=\"widget\" data-widget_type=\"image.default\">\n\t\t\t\t<div class=\"elementor-widget-container\">\n\t\t\t\t\t<div class=\"elementor-image\">\n\t\t\t\t\t\t\t\t\t\t<img loading=\"lazy\" decoding=\"async\" width=\"995\" height=\"842\" src=\"https:\/\/defilease.fr\/wp-content\/uploads\/2020\/11\/rse.jpg\" class=\"attachment-large size-large\" alt=\"\" srcset=\"https:\/\/defilease.fr\/wp-content\/uploads\/2020\/11\/rse.jpg 995w, https:\/\/defilease.fr\/wp-content\/uploads\/2020\/11\/rse-300x254.jpg 300w, https:\/\/defilease.fr\/wp-content\/uploads\/2020\/11\/rse-768x650.jpg 768w, https:\/\/defilease.fr\/wp-content\/uploads\/2020\/11\/rse-720x609.jpg 720w\" sizes=\"auto, (max-width: 995px) 100vw, 995px\" \/>\t\t\t\t\t\t\t\t\t\t\t<\/div>\n\t\t\t\t<\/div>\n\t\t\t\t<\/div>\n\t\t\t\t\t\t<\/div>\n\t\t\t\t\t<\/div>\n\t\t<\/div>\n\t\t\t\t<div class=\"elementor-column elementor-col-50 elementor-inner-column elementor-element elementor-element-4754380 ot-flex-column-vertical\" data-id=\"4754380\" data-element_type=\"column\">\n\t\t\t<div class=\"elementor-column-wrap elementor-element-populated\">\n\t\t\t\t\t\t\t<div class=\"elementor-widget-wrap\">\n\t\t\t\t\t\t<div class=\"elementor-element elementor-element-7e5463d elementor-widget elementor-widget-iheading\" data-id=\"7e5463d\" data-element_type=\"widget\" data-widget_type=\"iheading.default\">\n\t\t\t\t<div class=\"elementor-widget-container\">\n\t\t\t\t\t<div class=\"ot-heading\">\r\n\t        \t            <span>\/\/ RSE<\/span>\r\n\t        <h2 class=\"main-heading\">Votre RSE devient la n\u00f4tre<\/h2>\t    <\/div>\r\n\t    \t\t<\/div>\n\t\t\t\t<\/div>\n\t\t\t\t<div class=\"elementor-element elementor-element-af2bc52 elementor-drop-cap-yes elementor-drop-cap-view-default elementor-widget elementor-widget-text-editor\" data-id=\"af2bc52\" data-element_type=\"widget\" data-settings=\"{&quot;drop_cap&quot;:&quot;yes&quot;}\" data-widget_type=\"text-editor.default\">\n\t\t\t\t<div class=\"elementor-widget-container\">\n\t\t\t\t\t<div class=\"elementor-text-editor elementor-clearfix\"><p><b><i>DEFILEASE,&nbsp; <\/i><\/b><i>filiale du <\/i><i>groupe INFIBAIL,<\/i> est sp\u00e9cialiste de la gestion locative d\u2019\u00e9quipements technologiques depuis plus de 30 ans. Son r\u00f4le, en tant que propri\u00e9taire des mat\u00e9riels, est de garantir le respect de votre responsabilit\u00e9 soci\u00e9tale et environnementale.<\/p>\n<p><b><i>DEFILEASE <\/i><\/b>&nbsp;s\u2019engage en faveur :<\/p>\n<ul>\n<li>d\u2019une croissance respectueuse de l\u2019environnement,<\/li>\n<li>du respect des droits et des individus,<\/li>\n<li>du d\u00e9veloppement des entreprises, des collectivit\u00e9s et des territoires.<\/li>\n<\/ul><\/div>\n\t\t\t\t<\/div>\n\t\t\t\t<\/div>\n\t\t\t\t\t\t<\/div>\n\t\t\t\t\t<\/div>\n\t\t<\/div>\n\t\t\t\t\t\t\t\t<\/div>\n\t\t\t\t\t<\/div>\n\t\t<\/section>\n\t\t\t\t\t\t<\/div>\n\t\t\t\t\t<\/div>\n\t\t<\/div>\n\t\t\t\t\t\t\t\t<\/div>\n\t\t\t\t\t<\/div>\n\t\t<\/section>\n\t\t\t\t<section class=\"elementor-section elementor-top-section elementor-element elementor-element-385ab50 elementor-section-full_width elementor-section-content-middle ot-traditional elementor-section-height-default elementor-section-height-default\" data-id=\"385ab50\" data-element_type=\"section\">\n\t\t\t\t\t\t<div class=\"elementor-container elementor-column-gap-extended\">\n\t\t\t\t\t\t\t<div class=\"elementor-row\">\n\t\t\t\t\t<div class=\"elementor-column elementor-col-100 elementor-top-column elementor-element elementor-element-9d3e95a ot-flex-column-vertical\" data-id=\"9d3e95a\" data-element_type=\"column\">\n\t\t\t<div class=\"elementor-column-wrap elementor-element-populated\">\n\t\t\t\t\t\t\t<div class=\"elementor-widget-wrap\">\n\t\t\t\t\t\t<div class=\"elementor-element elementor-element-b7fa1f9 elementor-widget elementor-widget-iindustries\" data-id=\"b7fa1f9\" data-element_type=\"widget\" data-widget_type=\"iindustries.default\">\n\t\t\t\t<div class=\"elementor-widget-container\">\n\t\t\t\r\n\t\t<div class=\"ot-industries\">\t\t\t\t\t\t\r\n\t\t\t<div class=\"industries-inner ot-industries-slider\" data-arrow=\"false\" data-dots=\"false\" data-center=\"true\" data-show=\"1\" data-scroll=\"2\">\r\n\t\t\t\t\t\t\t\t<div>\r\n\t\t\t\t\t<div class=\"indus-item\">\r\n                        <div class=\"item-inner\">\r\n                            <div class=\"overlay\"><\/div>\r\n                            <div class=\"i-image\">\r\n                                                                    <img decoding=\"async\" src=\"https:\/\/defilease.fr\/wp-content\/uploads\/2020\/02\/r-image.png\" alt=\"Remarketing\">\r\n                                                            <\/div>\r\n                            <div class=\"iinfo\">\r\n                                <h6>Remarketing<\/h6>\r\n                                <div class=\"itext\">\r\n                                    Le groupe  dispose d\u2019un centre europ\u00e9en (Madrid) de remarketing ainsi que d\u2019un r\u00e9seau de partenaires assurant aux mat\u00e9riels une seconde vie ou un recyclage, dans le respect des normes D.E.E.E.\n                                <\/div>\r\n                            <\/div>\r\n                        <\/div>\r\n\t\t        \t<\/div>\r\n\t\t\t\t<\/div>\r\n\t\t\t\t\t\t\t\t<div>\r\n\t\t\t\t\t<div class=\"indus-item\">\r\n                        <div class=\"item-inner\">\r\n                            <div class=\"overlay\"><\/div>\r\n                            <div class=\"i-image\">\r\n                                                                    <img decoding=\"async\" src=\"https:\/\/defilease.fr\/wp-content\/uploads\/2020\/11\/dimg.png\" alt=\"D\u00e9mat\u00e9rialisation\">\r\n                                                            <\/div>\r\n                            <div class=\"iinfo\">\r\n                                <h6>D\u00e9mat\u00e9rialisation<\/h6>\r\n                                <div class=\"itext\">\r\n                                    D\u00e8s 2001, le groupe a \u00e9t\u00e9 pr\u00e9curseur en proposant \u00e0 ses clients l\u2019envoi de factures d\u00e9mat\u00e9rialis\u00e9es.\n\nDepuis 2018, nous proposons la signature \u00e9lectronique des contrats de location (DOCUSIGN)                                <\/div>\r\n                            <\/div>\r\n                        <\/div>\r\n\t\t        \t<\/div>\r\n\t\t\t\t<\/div>\r\n\t\t\t\t\t\t\t\t<div>\r\n\t\t\t\t\t<div class=\"indus-item\">\r\n                        <div class=\"item-inner\">\r\n                            <div class=\"overlay\"><\/div>\r\n                            <div class=\"i-image\">\r\n                                                                    <img decoding=\"async\" src=\"https:\/\/defilease.fr\/wp-content\/uploads\/2020\/11\/cimg.png\" alt=\"Charte Ethique\">\r\n                                                            <\/div>\r\n                            <div class=\"iinfo\">\r\n                                <h6>Charte Ethique<\/h6>\r\n                                <div class=\"itext\">\r\n                                    - Une Charte Ethique d'entreprise r\u00e9gissant nos pratiques internes et externes <br>\n- Adh\u00e9rent au Cercle des Loueurs Ind\u00e9pendants <br>\n- Contribution au d\u00e9veloppement des petites et jeunes entreprises qui ont des difficult\u00e9s \u00e0 acc\u00e9der aux financements bancaires.\n                                <\/div>\r\n                            <\/div>\r\n                        <\/div>\r\n\t\t        \t<\/div>\r\n\t\t\t\t<\/div>\r\n\t\t\t\t\t\t\t\t<div>\r\n\t\t\t\t\t<div class=\"indus-item\">\r\n                        <div class=\"item-inner\">\r\n                            <div class=\"overlay\"><\/div>\r\n                            <div class=\"i-image\">\r\n                                                                    <img decoding=\"async\" src=\"https:\/\/defilease.fr\/wp-content\/uploads\/2020\/11\/eimg.png\" alt=\"Engagement\">\r\n                                                            <\/div>\r\n                            <div class=\"iinfo\">\r\n                                <h6>Engagement<\/h6>\r\n                                <div class=\"itext\">\r\n                                    Engag\u00e9 aupr\u00e8s de la Fondation WSPF.\nWSPF, co-fond\u00e9e avec le Groupe INFIBAIL en Espagne en 2019, a construit un plan d'actions afin d'atteindre l'objectif...                                <\/div>\r\n                            <\/div>\r\n                        <\/div>\r\n\t\t        \t<\/div>\r\n\t\t\t\t<\/div>\r\n\t\t\t\t\t\t\t<\/div>\t\t\t\t\r\n\t    <\/div>\r\n\r\n\t    \t\t<\/div>\n\t\t\t\t<\/div>\n\t\t\t\t\t\t<\/div>\n\t\t\t\t\t<\/div>\n\t\t<\/div>\n\t\t\t\t\t\t\t\t<\/div>\n\t\t\t\t\t<\/div>\n\t\t<\/section>\n\t\t\t\t<section class=\"elementor-section elementor-top-section elementor-element elementor-element-623c8be elementor-section-content-middle ot-traditional elementor-section-boxed elementor-section-height-default elementor-section-height-default\" data-id=\"623c8be\" data-element_type=\"section\" data-settings=\"{&quot;background_background&quot;:&quot;classic&quot;}\">\n\t\t\t\t\t\t<div class=\"elementor-container elementor-column-gap-extended\">\n\t\t\t\t\t\t\t<div class=\"elementor-row\">\n\t\t\t\t\t<div class=\"elementor-column elementor-col-50 elementor-top-column elementor-element elementor-element-0ae302b ot-flex-column-vertical\" data-id=\"0ae302b\" data-element_type=\"column\">\n\t\t\t<div class=\"elementor-column-wrap elementor-element-populated\">\n\t\t\t\t\t\t\t<div class=\"elementor-widget-wrap\">\n\t\t\t\t\t\t<div class=\"elementor-element elementor-element-c283bc8 elementor-widget elementor-widget-image\" data-id=\"c283bc8\" data-element_type=\"widget\" data-widget_type=\"image.default\">\n\t\t\t\t<div class=\"elementor-widget-container\">\n\t\t\t\t\t<div class=\"elementor-image\">\n\t\t\t\t\t\t\t\t\t\t<img loading=\"lazy\" decoding=\"async\" width=\"1920\" height=\"938\" src=\"https:\/\/defilease.fr\/wp-content\/uploads\/2020\/11\/WSPF_Banner_home.jpg\" class=\"attachment-full size-full\" alt=\"\" srcset=\"https:\/\/defilease.fr\/wp-content\/uploads\/2020\/11\/WSPF_Banner_home.jpg 1920w, https:\/\/defilease.fr\/wp-content\/uploads\/2020\/11\/WSPF_Banner_home-300x147.jpg 300w, https:\/\/defilease.fr\/wp-content\/uploads\/2020\/11\/WSPF_Banner_home-1024x500.jpg 1024w, https:\/\/defilease.fr\/wp-content\/uploads\/2020\/11\/WSPF_Banner_home-768x375.jpg 768w, https:\/\/defilease.fr\/wp-content\/uploads\/2020\/11\/WSPF_Banner_home-1536x750.jpg 1536w, https:\/\/defilease.fr\/wp-content\/uploads\/2020\/11\/WSPF_Banner_home-720x352.jpg 720w\" sizes=\"auto, (max-width: 1920px) 100vw, 1920px\" \/>\t\t\t\t\t\t\t\t\t\t\t<\/div>\n\t\t\t\t<\/div>\n\t\t\t\t<\/div>\n\t\t\t\t\t\t<\/div>\n\t\t\t\t\t<\/div>\n\t\t<\/div>\n\t\t\t\t<div class=\"elementor-column elementor-col-50 elementor-top-column elementor-element elementor-element-61f7561 ot-flex-column-vertical\" data-id=\"61f7561\" data-element_type=\"column\">\n\t\t\t<div class=\"elementor-column-wrap elementor-element-populated\">\n\t\t\t\t\t\t\t<div class=\"elementor-widget-wrap\">\n\t\t\t\t\t\t<div class=\"elementor-element elementor-element-02f2689 elementor-widget elementor-widget-iheading\" data-id=\"02f2689\" data-element_type=\"widget\" data-widget_type=\"iheading.default\">\n\t\t\t\t<div class=\"elementor-widget-container\">\n\t\t\t\t\t<div class=\"ot-heading\">\r\n\t        \t            <span>\/\/ ENGAGEMENT<\/span>\r\n\t        <h2 class=\"main-heading\">Engag\u00e9 pour la plan\u00e8te<\/h2>\t    <\/div>\r\n\t    \t\t<\/div>\n\t\t\t\t<\/div>\n\t\t\t\t<div class=\"elementor-element elementor-element-69c09ac elementor-widget elementor-widget-text-editor\" data-id=\"69c09ac\" data-element_type=\"widget\" data-widget_type=\"text-editor.default\">\n\t\t\t\t<div class=\"elementor-widget-container\">\n\t\t\t\t\t<div class=\"elementor-text-editor elementor-clearfix\"><p>La Fondation Water Sports Plastic Free a \u00e9t\u00e9 cr\u00e9\u00e9e dans le but de sensibiliser le public au respect du milieu marin.<br \/>WSPF, co-fond\u00e9e avec le Groupe INFIBAIL en Espagne en 2019, a construit un plan d&rsquo;actions afin d&rsquo;atteindre l&rsquo;objectif&#8230;<\/p><p><span style=\"color: #000080; font-size: 18pt; text-align: center; font-weight: var( --e-global-typography-text-font-weight );\">Fondation Water Sport Plastic Free.<\/span><\/p><p><a href=\"https:\/\/watersportsplasticfree.org\/fr\/\"><em class=\"text-dark\"><strong>En savoir plus<\/strong><\/em><\/a><\/p><\/div>\n\t\t\t\t<\/div>\n\t\t\t\t<\/div>\n\t\t\t\t\t\t<\/div>\n\t\t\t\t\t<\/div>\n\t\t<\/div>\n\t\t\t\t\t\t\t\t<\/div>\n\t\t\t\t\t<\/div>\n\t\t<\/section>\n\t\t\t\t<section class=\"elementor-section elementor-top-section elementor-element elementor-element-f16067b elementor-section-content-middle ot-traditional elementor-section-boxed elementor-section-height-default elementor-section-height-default\" data-id=\"f16067b\" data-element_type=\"section\" data-settings=\"{&quot;background_background&quot;:&quot;classic&quot;}\">\n\t\t\t\t\t\t<div class=\"elementor-container elementor-column-gap-extended\">\n\t\t\t\t\t\t\t<div class=\"elementor-row\">\n\t\t\t\t\t<div class=\"elementor-column elementor-col-50 elementor-top-column elementor-element elementor-element-f84cc67 ot-flex-column-vertical\" data-id=\"f84cc67\" data-element_type=\"column\">\n\t\t\t<div class=\"elementor-column-wrap elementor-element-populated\">\n\t\t\t\t\t\t\t<div class=\"elementor-widget-wrap\">\n\t\t\t\t\t\t<div class=\"elementor-element elementor-element-2b44513 elementor-widget elementor-widget-image\" data-id=\"2b44513\" data-element_type=\"widget\" data-widget_type=\"image.default\">\n\t\t\t\t<div class=\"elementor-widget-container\">\n\t\t\t\t\t<div class=\"elementor-image\">\n\t\t\t\t\t\t\t\t\t\t<img loading=\"lazy\" decoding=\"async\" width=\"429\" height=\"365\" src=\"https:\/\/defilease.fr\/wp-content\/uploads\/2020\/11\/Grand-Raid.png\" class=\"attachment-full size-full\" alt=\"\" srcset=\"https:\/\/defilease.fr\/wp-content\/uploads\/2020\/11\/Grand-Raid.png 429w, https:\/\/defilease.fr\/wp-content\/uploads\/2020\/11\/Grand-Raid-300x255.png 300w\" sizes=\"auto, (max-width: 429px) 100vw, 429px\" \/>\t\t\t\t\t\t\t\t\t\t\t<\/div>\n\t\t\t\t<\/div>\n\t\t\t\t<\/div>\n\t\t\t\t\t\t<\/div>\n\t\t\t\t\t<\/div>\n\t\t<\/div>\n\t\t\t\t<div class=\"elementor-column elementor-col-50 elementor-top-column elementor-element elementor-element-47c6d2c ot-flex-column-vertical\" data-id=\"47c6d2c\" data-element_type=\"column\">\n\t\t\t<div class=\"elementor-column-wrap elementor-element-populated\">\n\t\t\t\t\t\t\t<div class=\"elementor-widget-wrap\">\n\t\t\t\t\t\t<div class=\"elementor-element elementor-element-95ee439 elementor-widget elementor-widget-iheading\" data-id=\"95ee439\" data-element_type=\"widget\" data-widget_type=\"iheading.default\">\n\t\t\t\t<div class=\"elementor-widget-container\">\n\t\t\t\t\t<div class=\"ot-heading\">\r\n\t        \t            <span>\/\/ SPONSORING<\/span>\r\n\t        <h2 class=\"main-heading\">DEFILEASE  <br>\nsponsorise un \"fou\"<\/h2>\t    <\/div>\r\n\t    \t\t<\/div>\n\t\t\t\t<\/div>\n\t\t\t\t<div class=\"elementor-element elementor-element-ba4ca00 elementor-widget elementor-widget-text-editor\" data-id=\"ba4ca00\" data-element_type=\"widget\" data-widget_type=\"text-editor.default\">\n\t\t\t\t<div class=\"elementor-widget-container\">\n\t\t\t\t\t<div class=\"elementor-text-editor elementor-clearfix\"><p>Le <b>Grand Raid<\/b> est le principal <a title=\"Ultra-trail\" href=\"https:\/\/fr.wikipedia.org\/wiki\/Ultra-trail\">ultra-trail<\/a> organis\u00e9 sur l&rsquo;<a title=\"\u00cele\" href=\"https:\/\/fr.wikipedia.org\/wiki\/%C3%8Ele\">\u00eele<\/a> de <a title=\"La R\u00e9union\" href=\"https:\/\/fr.wikipedia.org\/wiki\/La_R%C3%A9union\">La R\u00e9union<\/a>, <a class=\"mw-redirect\" title=\"D\u00e9partement d'outre-mer\" href=\"https:\/\/fr.wikipedia.org\/wiki\/D%C3%A9partement_d%27outre-mer\">d\u00e9partement d&rsquo;outre-mer<\/a> <a title=\"France\" href=\"https:\/\/fr.wikipedia.org\/wiki\/France\">fran\u00e7ais<\/a> dans l&rsquo;<a title=\"Oc\u00e9an Indien\" href=\"https:\/\/fr.wikipedia.org\/wiki\/Oc%C3%A9an_Indien\">oc\u00e9an Indien<\/a>. Organis\u00e9e au mois d&rsquo;<a title=\"Octobre\" href=\"https:\/\/fr.wikipedia.org\/wiki\/Octobre\">octobre<\/a>, probablement l&rsquo;une des plus difficiles du monde dans son genre, l&rsquo;\u00e9preuve consiste en la travers\u00e9e de l&rsquo;\u00eele. Vu la distance et le d\u00e9nivel\u00e9 positif, cette course a le surnom de <b>Diagonale des Fous<\/b>.<\/p><\/div>\n\t\t\t\t<\/div>\n\t\t\t\t<\/div>\n\t\t\t\t\t\t<\/div>\n\t\t\t\t\t<\/div>\n\t\t<\/div>\n\t\t\t\t\t\t\t\t<\/div>\n\t\t\t\t\t<\/div>\n\t\t<\/section>\n\t\t\t\t<section class=\"elementor-section elementor-top-section elementor-element elementor-element-08a8ddd ot-traditional elementor-section-boxed elementor-section-height-default elementor-section-height-default\" data-id=\"08a8ddd\" data-element_type=\"section\">\n\t\t\t\t\t\t<div class=\"elementor-container elementor-column-gap-default\">\n\t\t\t\t\t\t\t<div class=\"elementor-row\">\n\t\t\t\t\t<div class=\"elementor-column elementor-col-100 elementor-top-column elementor-element elementor-element-2ce4aa4 ot-flex-column-vertical\" data-id=\"2ce4aa4\" data-element_type=\"column\">\n\t\t\t<div class=\"elementor-column-wrap\">\n\t\t\t\t\t\t\t<div class=\"elementor-widget-wrap\">\n\t\t\t\t\t\t\t\t<\/div>\n\t\t\t\t\t<\/div>\n\t\t<\/div>\n\t\t\t\t\t\t\t\t<\/div>\n\t\t\t\t\t<\/div>\n\t\t<\/section>\n\t\t\t\t\t\t<\/div>\n\t\t\t\t\t\t<\/div>\n\t\t\t\t\t<\/div>\n\t\t","protected":false},"excerpt":{"rendered":"<p>\/\/ RSE Votre RSE devient la n\u00f4tre DEFILEASE,&nbsp; filiale du groupe INFIBAIL, est sp\u00e9cialiste de la gestion locative d\u2019\u00e9quipements technologiques depuis plus de 30 ans. Son r\u00f4le, en tant que propri\u00e9taire des mat\u00e9riels, est de garantir le respect de votre responsabilit\u00e9 soci\u00e9tale et environnementale. DEFILEASE &nbsp;s\u2019engage en faveur : d\u2019une croissance respectueuse de l\u2019environnement, du [&hellip;]<\/p>\n","protected":false},"author":1,"featured_media":0,"parent":1579,"menu_order":0,"comment_status":"closed","ping_status":"closed","template":"","meta":{"om_disable_all_campaigns":false,"footnotes":""},"class_list":["post-2076","page","type-page","status-publish","hentry"],"_links":{"self":[{"href":"https:\/\/defilease.fr\/index.php\/wp-json\/wp\/v2\/pages\/2076","targetHints":{"allow":["GET"]}}],"collection":[{"href":"https:\/\/defilease.fr\/index.php\/wp-json\/wp\/v2\/pages"}],"about":[{"href":"https:\/\/defilease.fr\/index.php\/wp-json\/wp\/v2\/types\/page"}],"author":[{"embeddable":true,"href":"https:\/\/defilease.fr\/index.php\/wp-json\/wp\/v2\/users\/1"}],"replies":[{"embeddable":true,"href":"https:\/\/defilease.fr\/index.php\/wp-json\/wp\/v2\/comments?post=2076"}],"version-history":[{"count":84,"href":"https:\/\/defilease.fr\/index.php\/wp-json\/wp\/v2\/pages\/2076\/revisions"}],"predecessor-version":[{"id":3653,"href":"https:\/\/defilease.fr\/index.php\/wp-json\/wp\/v2\/pages\/2076\/revisions\/3653"}],"up":[{"embeddable":true,"href":"https:\/\/defilease.fr\/index.php\/wp-json\/wp\/v2\/pages\/1579"}],"wp:attachment":[{"href":"https:\/\/defilease.fr\/index.php\/wp-json\/wp\/v2\/media?parent=2076"}],"curies":[{"name":"wp","href":"https:\/\/api.w.org\/{rel}","templated":true}]}}