{"id":1496,"date":"2020-01-07T09:09:07","date_gmt":"2020-01-07T09:09:07","guid":{"rendered":"http:\/\/wpdemo.archiwp.com\/engitech\/?page_id=1496"},"modified":"2020-11-18T12:02:45","modified_gmt":"2020-11-18T11:02:45","slug":"partenaires","status":"publish","type":"page","link":"https:\/\/defilease.fr\/index.php\/partenaires\/","title":{"rendered":"Partenaires"},"content":{"rendered":"\t\t<div data-elementor-type=\"wp-page\" data-elementor-id=\"1496\" class=\"elementor elementor-1496\" data-elementor-settings=\"[]\">\n\t\t\t\t\t\t<div class=\"elementor-inner\">\n\t\t\t\t\t\t\t<div class=\"elementor-section-wrap\">\n\t\t\t\t\t\t\t<section class=\"elementor-section elementor-top-section elementor-element elementor-element-f7ffdaf ot-traditional elementor-section-boxed elementor-section-height-default elementor-section-height-default\" data-id=\"f7ffdaf\" data-element_type=\"section\" data-settings=\"{&quot;background_background&quot;:&quot;classic&quot;}\">\n\t\t\t\t\t\t<div class=\"elementor-container elementor-column-gap-extended\">\n\t\t\t\t\t\t\t<div class=\"elementor-row\">\n\t\t\t\t\t<div class=\"elementor-column elementor-col-50 elementor-top-column elementor-element elementor-element-28a66d7 elementor-hidden-tablet elementor-hidden-phone ot-flex-column-vertical\" data-id=\"28a66d7\" data-element_type=\"column\">\n\t\t\t<div class=\"elementor-column-wrap elementor-element-populated\">\n\t\t\t\t\t\t\t<div class=\"elementor-widget-wrap\">\n\t\t\t\t\t\t<div class=\"elementor-element elementor-element-13dc5b4 elementor-widget elementor-widget-image\" data-id=\"13dc5b4\" data-element_type=\"widget\" data-widget_type=\"image.default\">\n\t\t\t\t<div class=\"elementor-widget-container\">\n\t\t\t\t\t<div class=\"elementor-image\">\n\t\t\t\t\t\t\t\t\t\t<img loading=\"lazy\" decoding=\"async\" width=\"750\" height=\"588\" src=\"https:\/\/defilease.fr\/wp-content\/uploads\/2020\/01\/support1.jpg\" class=\"attachment-full size-full\" alt=\"\" srcset=\"https:\/\/defilease.fr\/wp-content\/uploads\/2020\/01\/support1.jpg 750w, https:\/\/defilease.fr\/wp-content\/uploads\/2020\/01\/support1-300x235.jpg 300w, https:\/\/defilease.fr\/wp-content\/uploads\/2020\/01\/support1-720x564.jpg 720w\" sizes=\"auto, (max-width: 750px) 100vw, 750px\" \/>\t\t\t\t\t\t\t\t\t\t\t<\/div>\n\t\t\t\t<\/div>\n\t\t\t\t<\/div>\n\t\t\t\t\t\t<\/div>\n\t\t\t\t\t<\/div>\n\t\t<\/div>\n\t\t\t\t<div class=\"elementor-column elementor-col-50 elementor-top-column elementor-element elementor-element-6665190 ot-flex-column-vertical\" data-id=\"6665190\" data-element_type=\"column\">\n\t\t\t<div class=\"elementor-column-wrap elementor-element-populated\">\n\t\t\t\t\t\t\t<div class=\"elementor-widget-wrap\">\n\t\t\t\t\t\t<div class=\"elementor-element elementor-element-5c56f12 elementor-widget elementor-widget-iheading\" data-id=\"5c56f12\" data-element_type=\"widget\" data-widget_type=\"iheading.default\">\n\t\t\t\t<div class=\"elementor-widget-container\">\n\t\t\t\t\t<div class=\"ot-heading\">\r\n\t        \t            <span>\/\/ Partenariat<\/span>\r\n\t        <h2 class=\"main-heading\">Sell By Leasing<\/h2>\t    <\/div>\r\n\t    \t\t<\/div>\n\t\t\t\t<\/div>\n\t\t\t\t<div class=\"elementor-element elementor-element-ae59a69 elementor-widget elementor-widget-text-editor\" data-id=\"ae59a69\" data-element_type=\"widget\" data-widget_type=\"text-editor.default\">\n\t\t\t\t<div class=\"elementor-widget-container\">\n\t\t\t\t\t<div class=\"elementor-text-editor elementor-clearfix\"><p>Notre mod\u00e8le de Location Financi\u00e8re est un dispositif contractuel tripartite entre :<\/p><ul><li>Un client (le Locataire),<\/li><li>Un partenaire (distributeur, fournisseur, int\u00e9grateur,&#8230;<\/li><li>et DEFILEASE (le Loueur).<\/li><\/ul><\/div>\n\t\t\t\t<\/div>\n\t\t\t\t<\/div>\n\t\t\t\t<section class=\"elementor-section elementor-inner-section elementor-element elementor-element-57af9e5 elementor-section-full_width ot-traditional elementor-section-height-default elementor-section-height-default\" data-id=\"57af9e5\" data-element_type=\"section\">\n\t\t\t\t\t\t<div class=\"elementor-container elementor-column-gap-extended\">\n\t\t\t\t\t\t\t<div class=\"elementor-row\">\n\t\t\t\t\t<div class=\"elementor-column elementor-col-50 elementor-inner-column elementor-element elementor-element-a8a9a48 ot-flex-column-vertical\" data-id=\"a8a9a48\" data-element_type=\"column\">\n\t\t\t<div class=\"elementor-column-wrap elementor-element-populated\">\n\t\t\t\t\t\t\t<div class=\"elementor-widget-wrap\">\n\t\t\t\t\t\t<div class=\"elementor-element elementor-element-6e12463 elementor-widget elementor-widget-iiconbox1\" data-id=\"6e12463\" data-element_type=\"widget\" data-widget_type=\"iiconbox1.default\">\n\t\t\t\t<div class=\"elementor-widget-container\">\n\t\t\t\t\t<div class=\"icon-box-s1\">\r\n\t\t\t<div class=\"icon-main\">\r\n\t\t        <i aria-hidden=\"true\" class=\"fas fa-certificate\"><\/i>\t\t\t    \t\t        \t        <\/div>\r\n\t        <h5>Exp\u00e9rience<\/h5>\r\n\t        <div class=\"line-box\"><\/div>\r\n\t        <p><\/p>\r\n\t    <\/div>\r\n\t    \t\t<\/div>\n\t\t\t\t<\/div>\n\t\t\t\t\t\t<\/div>\n\t\t\t\t\t<\/div>\n\t\t<\/div>\n\t\t\t\t<div class=\"elementor-column elementor-col-50 elementor-inner-column elementor-element elementor-element-e0a9c03 ot-flex-column-vertical\" data-id=\"e0a9c03\" data-element_type=\"column\">\n\t\t\t<div class=\"elementor-column-wrap elementor-element-populated\">\n\t\t\t\t\t\t\t<div class=\"elementor-widget-wrap\">\n\t\t\t\t\t\t<div class=\"elementor-element elementor-element-b90ddea elementor-widget elementor-widget-iiconbox1\" data-id=\"b90ddea\" data-element_type=\"widget\" data-widget_type=\"iiconbox1.default\">\n\t\t\t\t<div class=\"elementor-widget-container\">\n\t\t\t\t\t<div class=\"icon-box-s1\">\r\n\t\t\t<div class=\"icon-main\">\r\n\t\t        <i aria-hidden=\"true\" class=\"fas fa-bolt\"><\/i>\t\t\t    \t\t        \t        <\/div>\r\n\t        <h5>Efficacit\u00e9<\/h5>\r\n\t        <div class=\"line-box\"><\/div>\r\n\t        <p><\/p>\r\n\t    <\/div>\r\n\t    \t\t<\/div>\n\t\t\t\t<\/div>\n\t\t\t\t\t\t<\/div>\n\t\t\t\t\t<\/div>\n\t\t<\/div>\n\t\t\t\t\t\t\t\t<\/div>\n\t\t\t\t\t<\/div>\n\t\t<\/section>\n\t\t\t\t\t\t<\/div>\n\t\t\t\t\t<\/div>\n\t\t<\/div>\n\t\t\t\t\t\t\t\t<\/div>\n\t\t\t\t\t<\/div>\n\t\t<\/section>\n\t\t\t\t<section class=\"elementor-section elementor-top-section elementor-element elementor-element-f4944d0 elementor-section-full_width ot-traditional elementor-section-height-default elementor-section-height-default\" data-id=\"f4944d0\" data-element_type=\"section\" data-settings=\"{&quot;background_background&quot;:&quot;classic&quot;}\">\n\t\t\t\t\t\t<div class=\"elementor-container elementor-column-gap-default\">\n\t\t\t\t\t\t\t<div class=\"elementor-row\">\n\t\t\t\t\t<div class=\"elementor-column elementor-col-100 elementor-top-column elementor-element elementor-element-62b776e ot-flex-column-vertical\" data-id=\"62b776e\" data-element_type=\"column\">\n\t\t\t<div class=\"elementor-column-wrap elementor-element-populated\">\n\t\t\t\t\t\t\t<div class=\"elementor-widget-wrap\">\n\t\t\t\t\t\t<section class=\"elementor-section elementor-inner-section elementor-element elementor-element-588eb19 elementor-section-content-middle ot-traditional elementor-section-boxed elementor-section-height-default elementor-section-height-default\" data-id=\"588eb19\" data-element_type=\"section\">\n\t\t\t\t\t\t<div class=\"elementor-container elementor-column-gap-extended\">\n\t\t\t\t\t\t\t<div class=\"elementor-row\">\n\t\t\t\t\t<div class=\"elementor-column elementor-col-33 elementor-inner-column elementor-element elementor-element-3c11d20 ot-flex-column-vertical\" data-id=\"3c11d20\" data-element_type=\"column\">\n\t\t\t<div class=\"elementor-column-wrap elementor-element-populated\">\n\t\t\t\t\t\t\t<div class=\"elementor-widget-wrap\">\n\t\t\t\t\t\t<div class=\"elementor-element elementor-element-1a4ed6f elementor-widget elementor-widget-iheading\" data-id=\"1a4ed6f\" data-element_type=\"widget\" data-widget_type=\"iheading.default\">\n\t\t\t\t<div class=\"elementor-widget-container\">\n\t\t\t\t\t<div class=\"ot-heading\">\r\n\t        \t            <span>\/\/ D\u00e8s aujourd'hui<\/span>\r\n\t        <h2 class=\"main-heading\">Devenez partenaire Defilease<\/h2>\t    <\/div>\r\n\t    \t\t<\/div>\n\t\t\t\t<\/div>\n\t\t\t\t\t\t<\/div>\n\t\t\t\t\t<\/div>\n\t\t<\/div>\n\t\t\t\t<div class=\"elementor-column elementor-col-33 elementor-inner-column elementor-element elementor-element-11deb46 elementor-hidden-tablet ot-flex-column-vertical\" data-id=\"11deb46\" data-element_type=\"column\">\n\t\t\t<div class=\"elementor-column-wrap elementor-element-populated\">\n\t\t\t\t\t\t\t<div class=\"elementor-widget-wrap\">\n\t\t\t\t\t\t<div class=\"elementor-element elementor-element-736d02f elementor-widget elementor-widget-text-editor\" data-id=\"736d02f\" data-element_type=\"widget\" data-widget_type=\"text-editor.default\">\n\t\t\t\t<div class=\"elementor-widget-container\">\n\t\t\t\t\t<div class=\"elementor-text-editor elementor-clearfix\"><p>D\u00e8s aujourd&rsquo;hui int\u00e9grez l&rsquo;ensemble des partenaires Defilease pour propulser votre business.<\/p><\/div>\n\t\t\t\t<\/div>\n\t\t\t\t<\/div>\n\t\t\t\t\t\t<\/div>\n\t\t\t\t\t<\/div>\n\t\t<\/div>\n\t\t\t\t<div class=\"elementor-column elementor-col-33 elementor-inner-column elementor-element elementor-element-59fee8c ot-flex-column-vertical\" data-id=\"59fee8c\" data-element_type=\"column\">\n\t\t\t<div class=\"elementor-column-wrap\">\n\t\t\t\t\t\t\t<div class=\"elementor-widget-wrap\">\n\t\t\t\t\t\t\t\t<\/div>\n\t\t\t\t\t<\/div>\n\t\t<\/div>\n\t\t\t\t\t\t\t\t<\/div>\n\t\t\t\t\t<\/div>\n\t\t<\/section>\n\t\t\t\t<section class=\"elementor-section elementor-inner-section elementor-element elementor-element-d003d76 elementor-section-full_width elementor-section-content-bottom ot-traditional elementor-section-height-default elementor-section-height-default\" data-id=\"d003d76\" data-element_type=\"section\">\n\t\t\t\t\t\t<div class=\"elementor-container elementor-column-gap-extended\">\n\t\t\t\t\t\t\t<div class=\"elementor-row\">\n\t\t\t\t\t<div class=\"elementor-column elementor-col-100 elementor-inner-column elementor-element elementor-element-ad09ce1 ot-flex-column-vertical\" data-id=\"ad09ce1\" data-element_type=\"column\">\n\t\t\t<div class=\"elementor-column-wrap elementor-element-populated\">\n\t\t\t\t\t\t\t<div class=\"elementor-widget-wrap\">\n\t\t\t\t\t\t<div class=\"elementor-element elementor-element-71a9d98 elementor-align-center elementor-widget elementor-widget-button\" data-id=\"71a9d98\" data-element_type=\"widget\" data-widget_type=\"button.default\">\n\t\t\t\t<div class=\"elementor-widget-container\">\n\t\t\t\t\t<div class=\"elementor-button-wrapper\">\n\t\t\t<a href=\"index.php\/devenir-partenaire\/\" class=\"elementor-button-link elementor-button elementor-size-xl\" role=\"button\">\n\t\t\t\t\t\t<span class=\"elementor-button-content-wrapper\">\n\t\t\t\t\t\t<span class=\"elementor-button-text\">DEVENIR PARTENAIRE<\/span>\n\t\t<\/span>\n\t\t\t\t\t<\/a>\n\t\t<\/div>\n\t\t\t\t<\/div>\n\t\t\t\t<\/div>\n\t\t\t\t<div class=\"elementor-element elementor-element-bf81ba4 elementor-widget elementor-widget-image\" data-id=\"bf81ba4\" data-element_type=\"widget\" data-widget_type=\"image.default\">\n\t\t\t\t<div class=\"elementor-widget-container\">\n\t\t\t\t\t<div class=\"elementor-image\">\n\t\t\t\t\t\t\t\t\t\t<img loading=\"lazy\" decoding=\"async\" width=\"1024\" height=\"383\" src=\"https:\/\/defilease.fr\/wp-content\/uploads\/2020\/03\/bg-banner-home5-1024x383.png\" class=\"attachment-large size-large\" alt=\"\" srcset=\"https:\/\/defilease.fr\/wp-content\/uploads\/2020\/03\/bg-banner-home5-1024x383.png 1024w, https:\/\/defilease.fr\/wp-content\/uploads\/2020\/03\/bg-banner-home5-300x112.png 300w, https:\/\/defilease.fr\/wp-content\/uploads\/2020\/03\/bg-banner-home5-768x288.png 768w, https:\/\/defilease.fr\/wp-content\/uploads\/2020\/03\/bg-banner-home5-1536x575.png 1536w, https:\/\/defilease.fr\/wp-content\/uploads\/2020\/03\/bg-banner-home5-720x270.png 720w, https:\/\/defilease.fr\/wp-content\/uploads\/2020\/03\/bg-banner-home5.png 1920w\" sizes=\"auto, (max-width: 1024px) 100vw, 1024px\" \/>\t\t\t\t\t\t\t\t\t\t\t<\/div>\n\t\t\t\t<\/div>\n\t\t\t\t<\/div>\n\t\t\t\t\t\t<\/div>\n\t\t\t\t\t<\/div>\n\t\t<\/div>\n\t\t\t\t\t\t\t\t<\/div>\n\t\t\t\t\t<\/div>\n\t\t<\/section>\n\t\t\t\t\t\t<\/div>\n\t\t\t\t\t<\/div>\n\t\t<\/div>\n\t\t\t\t\t\t\t\t<\/div>\n\t\t\t\t\t<\/div>\n\t\t<\/section>\n\t\t\t\t<section class=\"elementor-section elementor-top-section elementor-element elementor-element-4bb0005 ot-traditional elementor-section-boxed elementor-section-height-default elementor-section-height-default\" data-id=\"4bb0005\" data-element_type=\"section\">\n\t\t\t\t\t\t<div class=\"elementor-container elementor-column-gap-default\">\n\t\t\t\t\t\t\t<div class=\"elementor-row\">\n\t\t\t\t\t<div class=\"elementor-column elementor-col-100 elementor-top-column elementor-element elementor-element-2c12b34 ot-flex-column-vertical\" data-id=\"2c12b34\" data-element_type=\"column\">\n\t\t\t<div class=\"elementor-column-wrap\">\n\t\t\t\t\t\t\t<div class=\"elementor-widget-wrap\">\n\t\t\t\t\t\t\t\t<\/div>\n\t\t\t\t\t<\/div>\n\t\t<\/div>\n\t\t\t\t\t\t\t\t<\/div>\n\t\t\t\t\t<\/div>\n\t\t<\/section>\n\t\t\t\t\t\t<\/div>\n\t\t\t\t\t\t<\/div>\n\t\t\t\t\t<\/div>\n\t\t","protected":false},"excerpt":{"rendered":"<p>\/\/ Partenariat Sell By Leasing Notre mod\u00e8le de Location Financi\u00e8re est un dispositif contractuel tripartite entre : Un client (le Locataire), Un partenaire (distributeur, fournisseur, int\u00e9grateur,&#8230; et DEFILEASE (le Loueur). Exp\u00e9rience Efficacit\u00e9 \/\/ D\u00e8s aujourd&rsquo;hui Devenez partenaire Defilease D\u00e8s aujourd&rsquo;hui int\u00e9grez l&rsquo;ensemble des partenaires Defilease pour propulser votre business. DEVENIR PARTENAIRE<\/p>\n","protected":false},"author":1,"featured_media":0,"parent":0,"menu_order":0,"comment_status":"closed","ping_status":"closed","template":"","meta":{"om_disable_all_campaigns":false,"footnotes":""},"class_list":["post-1496","page","type-page","status-publish","hentry"],"_links":{"self":[{"href":"https:\/\/defilease.fr\/index.php\/wp-json\/wp\/v2\/pages\/1496","targetHints":{"allow":["GET"]}}],"collection":[{"href":"https:\/\/defilease.fr\/index.php\/wp-json\/wp\/v2\/pages"}],"about":[{"href":"https:\/\/defilease.fr\/index.php\/wp-json\/wp\/v2\/types\/page"}],"author":[{"embeddable":true,"href":"https:\/\/defilease.fr\/index.php\/wp-json\/wp\/v2\/users\/1"}],"replies":[{"embeddable":true,"href":"https:\/\/defilease.fr\/index.php\/wp-json\/wp\/v2\/comments?post=1496"}],"version-history":[{"count":26,"href":"https:\/\/defilease.fr\/index.php\/wp-json\/wp\/v2\/pages\/1496\/revisions"}],"predecessor-version":[{"id":3346,"href":"https:\/\/defilease.fr\/index.php\/wp-json\/wp\/v2\/pages\/1496\/revisions\/3346"}],"wp:attachment":[{"href":"https:\/\/defilease.fr\/index.php\/wp-json\/wp\/v2\/media?parent=1496"}],"curies":[{"name":"wp","href":"https:\/\/api.w.org\/{rel}","templated":true}]}}